{"id":1272,"date":"2017-02-12T20:38:40","date_gmt":"2017-02-12T19:38:40","guid":{"rendered":"https:\/\/laostiaputapoetica.noblogs.org\/?page_id=1272"},"modified":"2017-07-29T18:38:11","modified_gmt":"2017-07-29T16:38:11","slug":"me-traslade","status":"publish","type":"page","link":"https:\/\/laostiaputapoetica.noblogs.org\/?page_id=1272","title":{"rendered":"Me traslad\u00e9"},"content":{"rendered":"<p>Si te extra\u00f1a que no haya actualizaciones en esta p\u00e1gina me he cambiado a:<\/p>\n<p>https:\/\/blogdepoesadeluisdelaos.wordpress.com\/<\/p>\n<p>Aqu\u00ed podr\u00e1s leer lo \u00faltimo que he escrito, pero que me haya trasladado no quiere decir que abandone esta p\u00e1gina. S\u00f3lo he probado en wordpress y de momento ah\u00ed sigo.<\/p>\n<p>Alg\u00fan d\u00eda volver\u00e9 a colgar poemas aqu\u00ed.<\/p>\n<p>Saludos, Luis.<\/p>\n<p>Hoy colgu\u00e9 un cuento que \u00a0escrib\u00ed en Mayo, es para ti\u00a0<a href=\"https:\/\/laostiaputapoetica.noblogs.org\/?p=1283\">https:\/\/laostiaputapoetica.noblogs.org\/?p=1283<\/a><\/p>\n","protected":false},"excerpt":{"rendered":"<p>Si te extra\u00f1a que no haya actualizaciones en esta p\u00e1gina me he cambiado a: https:\/\/blogdepoesadeluisdelaos.wordpress.com\/ Aqu\u00ed podr\u00e1s leer lo \u00faltimo que he escrito, pero que me haya trasladado no quiere decir que abandone esta p\u00e1gina. S\u00f3lo he probado en wordpress y de momento ah\u00ed sigo. Alg\u00fan d\u00eda volver\u00e9 a colgar poemas aqu\u00ed. Saludos, Luis. Hoy [&hellip;]<\/p>\n","protected":false},"author":9590,"featured_media":0,"parent":0,"menu_order":0,"comment_status":"closed","ping_status":"closed","template":"","meta":{"footnotes":""},"class_list":["post-1272","page","type-page","status-publish","hentry"],"_links":{"self":[{"href":"https:\/\/laostiaputapoetica.noblogs.org\/index.php?rest_route=\/wp\/v2\/pages\/1272","targetHints":{"allow":["GET"]}}],"collection":[{"href":"https:\/\/laostiaputapoetica.noblogs.org\/index.php?rest_route=\/wp\/v2\/pages"}],"about":[{"href":"https:\/\/laostiaputapoetica.noblogs.org\/index.php?rest_route=\/wp\/v2\/types\/page"}],"author":[{"embeddable":true,"href":"https:\/\/laostiaputapoetica.noblogs.org\/index.php?rest_route=\/wp\/v2\/users\/9590"}],"replies":[{"embeddable":true,"href":"https:\/\/laostiaputapoetica.noblogs.org\/index.php?rest_route=%2Fwp%2Fv2%2Fcomments&post=1272"}],"version-history":[{"count":4,"href":"https:\/\/laostiaputapoetica.noblogs.org\/index.php?rest_route=\/wp\/v2\/pages\/1272\/revisions"}],"predecessor-version":[{"id":1288,"href":"https:\/\/laostiaputapoetica.noblogs.org\/index.php?rest_route=\/wp\/v2\/pages\/1272\/revisions\/1288"}],"wp:attachment":[{"href":"https:\/\/laostiaputapoetica.noblogs.org\/index.php?rest_route=%2Fwp%2Fv2%2Fmedia&parent=1272"}],"curies":[{"name":"wp","href":"https:\/\/api.w.org\/{rel}","templated":true}]}}