{"id":194,"date":"2015-06-17T19:48:48","date_gmt":"2015-06-17T17:48:48","guid":{"rendered":"http:\/\/laostiaputapoetica.noblogs.org\/?page_id=194"},"modified":"2015-12-12T17:53:12","modified_gmt":"2015-12-12T16:53:12","slug":"aila-me-habla","status":"publish","type":"page","link":"https:\/\/laostiaputapoetica.noblogs.org\/?page_id=194","title":{"rendered":"Aila me habla"},"content":{"rendered":"<h3 style=\"text-align: center\"><strong><span style=\"text-decoration: underline\">Aila me habla<\/span><\/strong><\/h3>\n<p style=\"text-align: right\">A mi compi Pili.<\/p>\n<blockquote>\n<h6 style=\"text-align: center\"><strong><em>Te mira, e interpreto lo que siente cuando te ve.<\/em><\/strong><br \/>\n<strong><em> (Aila te habla)<\/em><\/strong><\/h6>\n<\/blockquote>\n<p style=\"padding-left: 30px\"><em>Hablar por hablar, eso es y ser\u00e1 as\u00ed.<\/em><br \/>\n<em>Pero siempre me encontrar\u00e1s ah\u00ed,<\/em><br \/>\n<em> dentro de tus pensamientos.<\/em><\/p>\n<p style=\"padding-left: 30px\"><em>Siento esa necesidad,<\/em><br \/>\n<em> de aleda\u00f1os inauditos de desdicha<\/em><br \/>\n<em> que no son m\u00edos, ni de ti y no quieres percibirlo.<\/em><br \/>\n<em> Al estar molesta te mantienes,<\/em><br \/>\n<em> Impasible &#8211; Distante &#8211; En silencio.<\/em><br \/>\n<em> Y me miras con la mirada perdida<\/em><br \/>\n<em> y me acaricias.<\/em><br \/>\n<em> Y mientras, no lo entiendo.<\/em><br \/>\n<em> No entiendo que no miras fijamente.<\/em><br \/>\n<em> Hago por que me veas,<\/em><br \/>\n<em> con esos ojos de mirada perdida que tienes.<\/em><br \/>\n<em> Hago por que me sonr\u00edas.<\/em><br \/>\n<em> Esa sonrisa que me da vida.<\/em><br \/>\n<em> Y paseamos juntas por el parque, alegremente.<\/em><br \/>\n<em> Investigamos juntas los matorrales,<\/em><br \/>\n<em> las plantas y los dem\u00e1s animales.<\/em><br \/>\n<em> Nos divertimos \u00a1Corramos!<\/em><br \/>\n<em> \u00a1Juntas, leales, amistad!<\/em><br \/>\n<em> \u00a1Inseparables!<\/em><\/p>\n<p style=\"padding-left: 30px\"><em>Nadie escucha nuestros sue\u00f1os,<\/em><br \/>\n<em> nadie auxilia nuestros anhelos,<\/em><br \/>\n<em> siguen impasibles a nuestra mirada.<\/em><br \/>\n<em> All\u00ed donde muere la Luna<\/em><br \/>\n<em> y el Sol renace constantemente,<\/em><br \/>\n<em> te encuentras sentada mirando la lejan\u00eda.<\/em><br \/>\n<em> Esperando- En silencio- Impasible<\/em><br \/>\n<em> Distante de las miradas que esperan indiferentes.<\/em><br \/>\n<em> Pero nada ni nadie nos separa.<\/em><br \/>\n<em> \u00a1Fieles!<\/em><\/p>\n<p style=\"padding-left: 30px\"><em>Y nada m\u00e1s que hablar,<\/em><br \/>\n<em> solo hacemos eso.<\/em><br \/>\n<em> Solo re\u00edmos al caminar.<\/em><br \/>\n<em> Y te quer\u00eda describir tantas cosas<\/em><br \/>\n<em> pero no sab\u00eda como cantar.<\/em><br \/>\n<em> \u00a1Es tan dif\u00edcil expresar tu mirada!<\/em><br \/>\n<em> As\u00ed que a la Luna me puse a aullar.<\/em><br \/>\n<em> El \u00edndigo de nuestros corazones se volvi\u00f3 a\u00f1il<\/em><br \/>\n<em> por que en el cielo ya no llueve entre las flores,<\/em><br \/>\n<em> se despedaz\u00f3 en mil pedazos sobre tus manos.<\/em><br \/>\n<em> Pero nada est\u00e1 perdido si me mantienes a tu lado.<\/em><br \/>\n<em> Mi hocico, tus pasos.<\/em><br \/>\n<em> En mi mirada tus brazos.<\/em><br \/>\n<em> \u00a1Leales!<\/em><br \/>\n<em> Aila.<\/em><\/p>\n<blockquote>\n<h5 style=\"padding-left: 30px;text-align: right\"><strong><em>\u00bfQue pensar\u00e1 Aila cuando te siente triste?<\/em><\/strong><\/h5>\n<p><a href=\"https:\/\/laostiaputapoetica.noblogs.org\/?attachment_id=456\" rel=\"attachment wp-att-456\"><img loading=\"lazy\" decoding=\"async\" class=\"aligncenter wp-image-456 size-thumbnail\" src=\"https:\/\/laostiaputapoetica.noblogs.org\/files\/2015\/06\/12140063_1055532671164166_5559850334506475150_o-300x300.jpg\" alt=\"12140063_1055532671164166_5559850334506475150_o\" width=\"300\" height=\"300\" srcset=\"https:\/\/laostiaputapoetica.noblogs.org\/files\/2015\/06\/12140063_1055532671164166_5559850334506475150_o-300x300.jpg 300w, https:\/\/laostiaputapoetica.noblogs.org\/files\/2015\/06\/12140063_1055532671164166_5559850334506475150_o-1024x1024.jpg 1024w, https:\/\/laostiaputapoetica.noblogs.org\/files\/2015\/06\/12140063_1055532671164166_5559850334506475150_o-150x150.jpg 150w, https:\/\/laostiaputapoetica.noblogs.org\/files\/2015\/06\/12140063_1055532671164166_5559850334506475150_o.jpg 1536w\" sizes=\"auto, (max-width: 300px) 100vw, 300px\" \/><\/a><\/p><\/blockquote>\n","protected":false},"excerpt":{"rendered":"<p>Aila me habla A mi compi Pili. Te mira, e interpreto lo que siente cuando te ve. (Aila te habla) Hablar por hablar, eso es y ser\u00e1 as\u00ed. Pero siempre me encontrar\u00e1s ah\u00ed, dentro de tus pensamientos. Siento esa necesidad, de aleda\u00f1os inauditos de desdicha que no son m\u00edos, ni de ti y no quieres [&hellip;]<\/p>\n","protected":false},"author":9590,"featured_media":456,"parent":0,"menu_order":1,"comment_status":"open","ping_status":"closed","template":"","meta":{"footnotes":""},"class_list":["post-194","page","type-page","status-publish","hentry"],"_links":{"self":[{"href":"https:\/\/laostiaputapoetica.noblogs.org\/index.php?rest_route=\/wp\/v2\/pages\/194","targetHints":{"allow":["GET"]}}],"collection":[{"href":"https:\/\/laostiaputapoetica.noblogs.org\/index.php?rest_route=\/wp\/v2\/pages"}],"about":[{"href":"https:\/\/laostiaputapoetica.noblogs.org\/index.php?rest_route=\/wp\/v2\/types\/page"}],"author":[{"embeddable":true,"href":"https:\/\/laostiaputapoetica.noblogs.org\/index.php?rest_route=\/wp\/v2\/users\/9590"}],"replies":[{"embeddable":true,"href":"https:\/\/laostiaputapoetica.noblogs.org\/index.php?rest_route=%2Fwp%2Fv2%2Fcomments&post=194"}],"version-history":[{"count":4,"href":"https:\/\/laostiaputapoetica.noblogs.org\/index.php?rest_route=\/wp\/v2\/pages\/194\/revisions"}],"predecessor-version":[{"id":457,"href":"https:\/\/laostiaputapoetica.noblogs.org\/index.php?rest_route=\/wp\/v2\/pages\/194\/revisions\/457"}],"wp:featuredmedia":[{"embeddable":true,"href":"https:\/\/laostiaputapoetica.noblogs.org\/index.php?rest_route=\/wp\/v2\/media\/456"}],"wp:attachment":[{"href":"https:\/\/laostiaputapoetica.noblogs.org\/index.php?rest_route=%2Fwp%2Fv2%2Fmedia&parent=194"}],"curies":[{"name":"wp","href":"https:\/\/api.w.org\/{rel}","templated":true}]}}