{"id":209,"date":"2015-06-28T14:32:34","date_gmt":"2015-06-28T12:32:34","guid":{"rendered":"http:\/\/laostiaputapoetica.noblogs.org\/?page_id=209"},"modified":"2016-05-12T22:52:33","modified_gmt":"2016-05-12T20:52:33","slug":"un-viejo-cuento-de-navidad-descanso","status":"publish","type":"page","link":"https:\/\/laostiaputapoetica.noblogs.org\/?page_id=209","title":{"rendered":"Un viejo cuento de Navidad, descanso"},"content":{"rendered":"<p style=\"text-align: center\" align=\"LEFT\"><strong><span style=\"color: #333333\"><span style=\"font-family: Georgia, 'Times New Roman', 'Bitstream Charter', Times, serif\"><span style=\"font-size: medium\"><span style=\"text-decoration: underline\"><b>Un viejo cuento de Navidad, descanso.<\/b><\/span><\/span><\/span><\/span><\/strong><\/p>\n<p><span style=\"color: #333333\"><span style=\"font-family: Georgia, 'Times New Roman', 'Bitstream Charter', Times, serif\"><span style=\"font-size: medium\">Hoy es un d\u00eda como otro cualquiera de invierno despu\u00e9s de acabar en el turno de noche, cansado y con mucho sue\u00f1o.<\/span><\/span><\/span><\/p>\n<p><span style=\"color: #333333\"><span style=\"font-family: Georgia, 'Times New Roman', 'Bitstream Charter', Times, serif\"><span style=\"font-size: medium\">\u00a1Bueno!\u00a1Hoy es un d\u00eda especial! Llegu\u00e9 a casa acompa\u00f1ado de una niebla que empapaba los huesos, que calaba hasta el alma y que me dio los buenos d\u00edas.<br \/>\nMe prepar\u00e9 mi desayuno, un taz\u00f3n de leche templada con cereales y me puse a ver las noticias. Luc\u00eda se estaba preparando para ir a su curso de ingl\u00e9s y me dio el beso de buenos d\u00edas mientras me contaba lo que aconteci\u00f3 ayer en el Museo. Ella se fue dejando un gran vac\u00edo a mi alrededor y yo continu\u00e9 viendo las noticias y desayunando con la tristeza del abandono. Cuando termin\u00e9 de desayunar me fui a la cama con la resaca del cansancio, me qued\u00e9 dormido por m\u00e1s de una hora en el sof\u00e1 caus\u00e1ndome un gran dolor en el cuello. Me lav\u00e9 los dientes, la cara, me desnud\u00e9, me puse mi pijama y me acost\u00e9 en la cama dispuesto a disfrutar del descanso y de mis sue\u00f1os en el mundo Anarqu\u00eda.<\/span><\/span><\/span><\/p>\n<p><span style=\"color: #333333\"><span style=\"font-family: Georgia, 'Times New Roman', 'Bitstream Charter', Times, serif\"><span style=\"font-size: medium\">Pero no pod\u00eda dormir, crec\u00eda en mi una duda, una desaz\u00f3n, un malestar, aparec\u00eda el insomnio luchando contra mi cansancio y ganando la batalla. Algo faltaba en mi alrededor \u00bfQue era? No pod\u00eda descansar pensando que me faltaba \u00bfQue era lo no me dejaba dormir? \u00bfEra la marcha de Luc\u00eda?\u00bfEra que no hab\u00eda hecho pis?\u00bfQue era? Y no paraba de dar vueltas en la cama, luchando contra el insomnio. \u00a1Y vueltas y m\u00e1s vueltas!<\/span><\/span><\/span><\/p>\n<p><span style=\"color: #333333\"><span style=\"font-family: Georgia, 'Times New Roman', 'Bitstream Charter', Times, serif\"><span style=\"font-size: medium\">Y me sentaba en la cama, me iba al sal\u00f3n, beb\u00eda agua, me volv\u00eda a acostar y vueltas y m\u00e1s vueltas. Y de repente \u00a1Zas! Surgi\u00f3 la idea, el porqu\u00e9 de mi vigilia. Salt\u00e9 de la cama tropez\u00e1ndome con la calzadora y me estamp\u00e9 contra el suelo. Al intentar levantarme tir\u00e9 del cable de la l\u00e1mpara golpe\u00e1ndome en la cabeza con ella pero cuando intent\u00e9 esquivarla gir\u00e9 la cabeza y me di con el pico de la c\u00f3moda. Con todo esto y cegado por el dolor y continuando con el intento de levantarme me agarre al colch\u00f3n y tirando de el no consegu\u00ed levantarme. Lo \u00fanico que consegu\u00ed fue mover esa mole de m\u00e1s de 20 kg. lanz\u00e1ndomela encima.<\/span><\/span><\/span><\/p>\n<p><span style=\"color: #333333\"><span style=\"font-family: Georgia, 'Times New Roman', 'Bitstream Charter', Times, serif\"><span style=\"font-size: medium\">Con el orgullo tocado y lleno de dolor consegu\u00ed vestirme entre sollozos, muecas y lamentos. Me puse mi ch\u00e1ndal \u00faltimo modelo poligonero, mis zapatillas adidas, cog\u00ed las llaves de casa y sal\u00ed de ella dispuesto a todo.<\/span><\/span><\/span><\/p>\n<p><span style=\"color: #333333\"><span style=\"font-family: Georgia, 'Times New Roman', 'Bitstream Charter', Times, serif\"><span style=\"font-size: medium\">Sub\u00ed a casa del vecino, llam\u00e9 y al rato me abri\u00f3 la puerta una mujer mayor.<\/span><\/span><\/span><\/p>\n<p><span style=\"color: #333333\"><span style=\"font-family: Georgia, 'Times New Roman', 'Bitstream Charter', Times, serif\"><span style=\"font-size: medium\">-\u00a1Hola! Soy el vecino de abajo- Le salude. -\u00a1Hola hijo!\u00bfEn que puedo ayudarte guapo?- Me contest\u00f3. -Mire, es que estoy en casa y he salido del turno de noche de trabajar y no puedo dormir- -Pero si mi nieto no hace ruido, est\u00e1 tranquilamente viendo la televisi\u00f3n y luego le voy a poner a leer unos cuentos \u00a1Si es muy bueno y tranquilo! \u00bfTe est\u00e1 molestando?- Me coment\u00f3 asombrada -\u00a1No! \u00a1Por eso subo! Le dije y a continuaci\u00f3n la increp\u00e9: \u00bfC\u00f3mo un ni\u00f1o con las horas que son de la ma\u00f1ana no est\u00e1 jugando, chillando, tir\u00e1ndolo todo, golpe\u00e1ndose por todos lados y por ende llorando? \u00bfPero en que mundo vivimos? \u00a1No ve que no puedo dormir por su culpa! \u00a1P\u00f3ngale ahora mismo a jugar! \u00a1Y quiero o\u00edrle chillar, galopar y re\u00edr!-Le grit\u00e9, mientras la se\u00f1alaba y me bajaba por las escaleras hacia casa. Ella con cara de asombro cerr\u00f3 la puerta.<\/span><\/span><\/span><\/p>\n<p><span style=\"color: #333333\"><span style=\"font-family: Georgia, 'Times New Roman', 'Bitstream Charter', Times, serif\"><span style=\"font-size: medium\">Llegu\u00e9 a mi cuarto me puse el pijama, reh\u00edce la cama, puse la l\u00e1mpara en su sitio, sal\u00ed al balc\u00f3n y les grite a los obreros de la obra de enfrente. -\u00a1Oye!\u00a1Que pasa!\u00a1Que no os oigo y necesito dormir!-<br \/>\nDe repente, en el piso de arriba, un ni\u00f1o comienza a correr por toda la casa , tir\u00e1ndolo todo y ri\u00e9ndose. Una excavadora comienza a escavar, mientras una hormigonera amasa los \u00e1ridos del hormig\u00f3n extendi\u00e9ndolo uniformemente por la zanja.<br \/>\nMe tumb\u00e9, cerr\u00e9 los ojos y dorm\u00ed pl\u00e1cidamente.<br \/>\n\u00a1Buenas noches!\u00a1Que descans\u00e9is como yo!<\/span><\/span><\/span><br \/>\n<a href=\"https:\/\/laostiaputapoetica.noblogs.org\/?attachment_id=212\" rel=\"attachment wp-att-212\"><img loading=\"lazy\" decoding=\"async\" class=\"aligncenter wp-image-212 size-medium\" src=\"https:\/\/laostiaputapoetica.noblogs.org\/files\/2015\/07\/image_21_22_38_jpg-300x225.jpg\" alt=\"image_21_22_38_jpg\" width=\"300\" height=\"225\" srcset=\"https:\/\/laostiaputapoetica.noblogs.org\/files\/2015\/07\/image_21_22_38_jpg-300x225.jpg 300w, https:\/\/laostiaputapoetica.noblogs.org\/files\/2015\/07\/image_21_22_38_jpg.jpg 1024w, https:\/\/laostiaputapoetica.noblogs.org\/files\/2015\/07\/image_21_22_38_jpg-150x113.jpg 150w\" sizes=\"auto, (max-width: 300px) 100vw, 300px\" \/><\/a><\/p>\n","protected":false},"excerpt":{"rendered":"<p>Un viejo cuento de Navidad, descanso. Hoy es un d\u00eda como otro cualquiera de invierno despu\u00e9s de acabar en el turno de noche, cansado y con mucho sue\u00f1o. \u00a1Bueno!\u00a1Hoy es un d\u00eda especial! Llegu\u00e9 a casa acompa\u00f1ado de una niebla que empapaba los huesos, que calaba hasta el alma y que me dio los buenos [&hellip;]<\/p>\n","protected":false},"author":9590,"featured_media":212,"parent":0,"menu_order":3,"comment_status":"open","ping_status":"closed","template":"","meta":{"footnotes":""},"class_list":["post-209","page","type-page","status-publish","hentry"],"_links":{"self":[{"href":"https:\/\/laostiaputapoetica.noblogs.org\/index.php?rest_route=\/wp\/v2\/pages\/209","targetHints":{"allow":["GET"]}}],"collection":[{"href":"https:\/\/laostiaputapoetica.noblogs.org\/index.php?rest_route=\/wp\/v2\/pages"}],"about":[{"href":"https:\/\/laostiaputapoetica.noblogs.org\/index.php?rest_route=\/wp\/v2\/types\/page"}],"author":[{"embeddable":true,"href":"https:\/\/laostiaputapoetica.noblogs.org\/index.php?rest_route=\/wp\/v2\/users\/9590"}],"replies":[{"embeddable":true,"href":"https:\/\/laostiaputapoetica.noblogs.org\/index.php?rest_route=%2Fwp%2Fv2%2Fcomments&post=209"}],"version-history":[{"count":6,"href":"https:\/\/laostiaputapoetica.noblogs.org\/index.php?rest_route=\/wp\/v2\/pages\/209\/revisions"}],"predecessor-version":[{"id":404,"href":"https:\/\/laostiaputapoetica.noblogs.org\/index.php?rest_route=\/wp\/v2\/pages\/209\/revisions\/404"}],"wp:featuredmedia":[{"embeddable":true,"href":"https:\/\/laostiaputapoetica.noblogs.org\/index.php?rest_route=\/wp\/v2\/media\/212"}],"wp:attachment":[{"href":"https:\/\/laostiaputapoetica.noblogs.org\/index.php?rest_route=%2Fwp%2Fv2%2Fmedia&parent=209"}],"curies":[{"name":"wp","href":"https:\/\/api.w.org\/{rel}","templated":true}]}}