{"id":217,"date":"2015-07-18T17:47:19","date_gmt":"2015-07-18T15:47:19","guid":{"rendered":"http:\/\/laostiaputapoetica.noblogs.org\/?page_id=217"},"modified":"2017-08-05T03:53:31","modified_gmt":"2017-08-05T01:53:31","slug":"camino-atropos-cuchilla-pastillas-alcohol-soledad-y-olvido","status":"publish","type":"page","link":"https:\/\/laostiaputapoetica.noblogs.org\/?page_id=217","title":{"rendered":"Camino \u00c1tropos. Cuchilla, pastillas, alcohol, soledad y olvido."},"content":{"rendered":"<p style=\"text-align: center\"><span style=\"text-decoration: underline\"><strong>Camino \u00c1tropos<\/strong><\/span><br \/>\n<span style=\"text-decoration: underline\"><strong> Cuchilla, pastillas, alcohol, soledad y olvido.<\/strong><\/span><\/p>\n<blockquote>\n<p style=\"text-align: center\"><strong><em>Eleg\u00eda<\/em><\/strong><\/p>\n<\/blockquote>\n<p style=\"text-align: center\"><a href=\"https:\/\/laostiaputapoetica.noblogs.org\/?attachment_id=203\" rel=\"attachment wp-att-203\"><img loading=\"lazy\" decoding=\"async\" class=\"wp-image-203 aligncenter\" src=\"https:\/\/laostiaputapoetica.noblogs.org\/files\/2015\/06\/image_23_52_31_jpg-300x225.jpg\" alt=\"image_23_52_31_jpg\" width=\"465\" height=\"349\" srcset=\"https:\/\/laostiaputapoetica.noblogs.org\/files\/2015\/06\/image_23_52_31_jpg-300x225.jpg 300w, https:\/\/laostiaputapoetica.noblogs.org\/files\/2015\/06\/image_23_52_31_jpg.jpg 1024w, https:\/\/laostiaputapoetica.noblogs.org\/files\/2015\/06\/image_23_52_31_jpg-150x113.jpg 150w\" sizes=\"auto, (max-width: 465px) 100vw, 465px\" \/><\/a><\/p>\n<p>Sigue, camina, sonr\u00ede.<br \/>\nPiensa, conc\u00e9ntrate en ella.<br \/>\nImagina su figura, como te observa,<br \/>\ncomo sonr\u00ede cuando te mira.<br \/>\nPiensa en la sonrisa que te acompa\u00f1a,<br \/>\nen la mirada que te observa.<br \/>\nQue te sigue y esp\u00eda.<br \/>\nY que espera su momento,<br \/>\nde cortar con sus tijeras los hilos de la vida.<\/p>\n<p style=\"text-align: center\">Cuchilla<br \/>\nFilo que sesga las venas.<br \/>\nFr\u00edo que libera nuestro castigo.<br \/>\nCalor que finaliza con el sufrimiento.<br \/>\nLa savia est\u00e1 derramada.<br \/>\n\u00c1tropos nos libera.<\/p>\n<p>Y no sabes como actuar cuando sientes como te est\u00e1 aplastando.<br \/>\nNo encontrar la salida, no querer seguir<br \/>\ny no saber que hacer.<br \/>\nPastillas, alcohol, soledad y olvido.<br \/>\nTe evades de todo y abandonas tu reino.<br \/>\nDejar tu testamento sobre tu muerte en vida.<br \/>\n\u00bfY que quer\u00e9is que os diga?<\/p>\n<p>\u00bfY que quer\u00e9is que os cuente?<\/p>\n<p>\u00bfQue quer\u00e9is que haga?<br \/>\nAbandonar, perecer, abdicar,<br \/>\nmi olvido<br \/>\nD\u00edmelo tu, c\u00e1ntamelo.<br \/>\nTarar\u00e9ame tu consejo al o\u00eddo.<br \/>\nQue sea una dulce canci\u00f3n de amor.<br \/>\nQue nos ense\u00f1e la belleza de lo vivido.<br \/>\nQue nos muestre como intentarlo.<br \/>\nSin tener que llegar a quemarlo.<br \/>\nSin tener que olvidar sentir.<br \/>\nSin tener que dejar de amar.<\/p>\n<p style=\"text-align: center\">Hartazgo.<\/p>\n<p style=\"text-align: left\">Sientes como te acompa\u00f1a la soledad.<br \/>\nHast\u00edo en el coraz\u00f3n que vac\u00eda tu mirada.<br \/>\nEs el camino que \u00c1tropos te corta<br \/>\ny que junto a las Moiras te trazan.<br \/>\nY olvido, ese aspecto que te atormenta.<br \/>\nAtrapado en el sentimiento de oquedad<br \/>\ny no encuentras alivio y salida<br \/>\ny tu mente se apaga.<br \/>\nMientras caminas hacia la inexistencia,<br \/>\nse hace larga y fr\u00eda la llegada.<br \/>\nY no alientas esperanzas mientras tu sangre se derrama.<br \/>\nCuchilla, pastillas, alcohol, soledad y olvido.<br \/>\nNuestros hilos fueron cortados,<br \/>\nla Parca ha llegado.<\/p>\n<p style=\"text-align: left\"><a href=\"https:\/\/laostiaputapoetica.noblogs.org\/?attachment_id=219\" rel=\"attachment wp-att-219\"><br \/>\n<\/a> <a href=\"https:\/\/laostiaputapoetica.noblogs.org\/?attachment_id=220\" rel=\"attachment wp-att-220\"><br \/>\n<\/a> <a href=\"https:\/\/laostiaputapoetica.noblogs.org\/?attachment_id=221\" rel=\"attachment wp-att-221\"><img loading=\"lazy\" decoding=\"async\" class=\" alignnone wp-image-221\" src=\"https:\/\/laostiaputapoetica.noblogs.org\/files\/2015\/07\/picture_jpg3-300x300.jpg\" alt=\"picture_jpg(3)\" width=\"474\" height=\"474\" \/><\/a><\/p>\n","protected":false},"excerpt":{"rendered":"<p>Camino \u00c1tropos Cuchilla, pastillas, alcohol, soledad y olvido. Eleg\u00eda Sigue, camina, sonr\u00ede. Piensa, conc\u00e9ntrate en ella. Imagina su figura, como te observa, como sonr\u00ede cuando te mira. Piensa en la sonrisa que te acompa\u00f1a, en la mirada que te observa. Que te sigue y esp\u00eda. Y que espera su momento, de cortar con sus tijeras [&hellip;]<\/p>\n","protected":false},"author":9590,"featured_media":280,"parent":0,"menu_order":1,"comment_status":"open","ping_status":"closed","template":"","meta":{"footnotes":""},"class_list":["post-217","page","type-page","status-publish","hentry"],"_links":{"self":[{"href":"https:\/\/laostiaputapoetica.noblogs.org\/index.php?rest_route=\/wp\/v2\/pages\/217","targetHints":{"allow":["GET"]}}],"collection":[{"href":"https:\/\/laostiaputapoetica.noblogs.org\/index.php?rest_route=\/wp\/v2\/pages"}],"about":[{"href":"https:\/\/laostiaputapoetica.noblogs.org\/index.php?rest_route=\/wp\/v2\/types\/page"}],"author":[{"embeddable":true,"href":"https:\/\/laostiaputapoetica.noblogs.org\/index.php?rest_route=\/wp\/v2\/users\/9590"}],"replies":[{"embeddable":true,"href":"https:\/\/laostiaputapoetica.noblogs.org\/index.php?rest_route=%2Fwp%2Fv2%2Fcomments&post=217"}],"version-history":[{"count":7,"href":"https:\/\/laostiaputapoetica.noblogs.org\/index.php?rest_route=\/wp\/v2\/pages\/217\/revisions"}],"predecessor-version":[{"id":1309,"href":"https:\/\/laostiaputapoetica.noblogs.org\/index.php?rest_route=\/wp\/v2\/pages\/217\/revisions\/1309"}],"wp:featuredmedia":[{"embeddable":true,"href":"https:\/\/laostiaputapoetica.noblogs.org\/index.php?rest_route=\/wp\/v2\/media\/280"}],"wp:attachment":[{"href":"https:\/\/laostiaputapoetica.noblogs.org\/index.php?rest_route=%2Fwp%2Fv2%2Fmedia&parent=217"}],"curies":[{"name":"wp","href":"https:\/\/api.w.org\/{rel}","templated":true}]}}