{"id":67,"date":"2015-04-07T11:50:02","date_gmt":"2015-04-07T09:50:02","guid":{"rendered":"http:\/\/laostiaputapoetica.noblogs.org\/?page_id=67"},"modified":"2015-12-12T17:52:35","modified_gmt":"2015-12-12T16:52:35","slug":"averno","status":"publish","type":"page","link":"https:\/\/laostiaputapoetica.noblogs.org\/?page_id=67","title":{"rendered":"Averno"},"content":{"rendered":"<h3><em><span style=\"text-decoration: underline\">Averno<\/span><\/em><\/h3>\n<p><a href=\"https:\/\/laostiaputapoetica.noblogs.org\/files\/2015\/04\/Twitter3bd4cf3_jpg.jpg\"><img loading=\"lazy\" decoding=\"async\" class=\"alignnone size-medium wp-image-96\" src=\"https:\/\/laostiaputapoetica.noblogs.org\/files\/2015\/04\/Twitter3bd4cf3_jpg-300x300.jpg\" alt=\"Twitter3bd4cf3_jpg\" width=\"300\" height=\"300\" srcset=\"https:\/\/laostiaputapoetica.noblogs.org\/files\/2015\/04\/Twitter3bd4cf3_jpg-300x300.jpg 300w, https:\/\/laostiaputapoetica.noblogs.org\/files\/2015\/04\/Twitter3bd4cf3_jpg-150x150.jpg 150w, https:\/\/laostiaputapoetica.noblogs.org\/files\/2015\/04\/Twitter3bd4cf3_jpg.jpg 500w\" sizes=\"auto, (max-width: 300px) 100vw, 300px\" \/><\/a><\/p>\n<p style=\"text-align: center\">Si el sol de invierno calienta a medias tintas<br \/>\nme ir\u00e9 de tu auxilio sin un adi\u00f3s.<br \/>\nPor eso b\u00e9same y ll\u00e9vame a la cama,<br \/>\no mejor qu\u00e9date donde est\u00e1s<br \/>\n\u00a1Que te sienta lejos de mi!<\/p>\n<p style=\"text-align: right\">\u00a1Y eso te sienta tan bien!<\/p>\n<p style=\"text-align: center\">Es una afirmaci\u00f3n negativa<br \/>\nque violenta las pesadillas del ni\u00f1o,<br \/>\nlas noches que se moja de fr\u00edo sudor.<\/p>\n<p style=\"text-align: center\">Al viento van los retazos del invierno,<br \/>\nal comp\u00e1s de un nuevo amanecer.<br \/>\nY florecen piedras en el solado<br \/>\nque dejan al hombre caer.<\/p>\n<p style=\"text-align: center\">Y nada cambia mientras me abandonas<br \/>\nsi solo malgastas tu risa<br \/>\ncon una l\u00e1grima viva de vida.<\/p>\n<p style=\"text-align: right\">Siempre ocurre en las fr\u00edas noches de invierno<br \/>\ncuando te ahogas en mis malos h\u00e1bitos.<br \/>\nEs una idea en ciertos aspectos irrecuperable<br \/>\n-esperando a ser desenterrada-<br \/>\nTampoco es un pensamiento amable,<br \/>\nque conmueve a los s\u00e1dicos,<br \/>\nen los oscuros huecos del averno.<\/p>\n<p style=\"text-align: center\">Int\u00e9ntalo de nuevo, nunca ser\u00e1 el final.<br \/>\nAunque te despidas,<br \/>\nsiempre tendr\u00e1s otra oportunidad<br \/>\nTe apasiona el adi\u00f3s y el hasta siempre<br \/>\ny nada cambia mientras me abandonas,<br \/>\nsi solo malgastas tu sonrisa<br \/>\ncon una l\u00e1grima secada en sal.<\/p>\n<p style=\"text-align: center\">Oscura noche de invierno.<br \/>\nMeditabas, el olvido.<br \/>\nOtra estaci\u00f3n que ha pasado,<br \/>\nen este fr\u00edo y tormentoso infierno.<\/p>\n<blockquote>\n<p style=\"text-align: right\"><span style=\"color: #3366ff\">Lugar de castigo eterno.<\/span><\/p>\n<\/blockquote>\n<div id=\"attachment_58\" style=\"width: 310px\" class=\"wp-caption alignnone\"><a href=\"https:\/\/laostiaputapoetica.noblogs.org\/files\/2015\/04\/picture_jpg2.jpg\"><img loading=\"lazy\" decoding=\"async\" aria-describedby=\"caption-attachment-58\" class=\"size-medium wp-image-58\" src=\"https:\/\/laostiaputapoetica.noblogs.org\/files\/2015\/04\/picture_jpg2-300x225.jpg\" alt=\"Averno: Lugar de castigo eterno. Infierno.\" width=\"300\" height=\"225\" srcset=\"https:\/\/laostiaputapoetica.noblogs.org\/files\/2015\/04\/picture_jpg2-300x225.jpg 300w, https:\/\/laostiaputapoetica.noblogs.org\/files\/2015\/04\/picture_jpg2-150x113.jpg 150w, https:\/\/laostiaputapoetica.noblogs.org\/files\/2015\/04\/picture_jpg2.jpg 700w\" sizes=\"auto, (max-width: 300px) 100vw, 300px\" \/><\/a><p id=\"caption-attachment-58\" class=\"wp-caption-text\">Averno: Lugar de castigo eterno. Infierno.<\/p><\/div>\n<p>&nbsp;<\/p>\n<p>&nbsp;<\/p>\n<p style=\"text-align: center\">\n","protected":false},"excerpt":{"rendered":"<p>Averno Si el sol de invierno calienta a medias tintas me ir\u00e9 de tu auxilio sin un adi\u00f3s. Por eso b\u00e9same y ll\u00e9vame a la cama, o mejor qu\u00e9date donde est\u00e1s \u00a1Que te sienta lejos de mi! \u00a1Y eso te sienta tan bien! Es una afirmaci\u00f3n negativa que violenta las pesadillas del ni\u00f1o, las noches [&hellip;]<\/p>\n","protected":false},"author":9590,"featured_media":57,"parent":0,"menu_order":0,"comment_status":"open","ping_status":"open","template":"","meta":{"footnotes":""},"class_list":["post-67","page","type-page","status-publish","hentry"],"_links":{"self":[{"href":"https:\/\/laostiaputapoetica.noblogs.org\/index.php?rest_route=\/wp\/v2\/pages\/67","targetHints":{"allow":["GET"]}}],"collection":[{"href":"https:\/\/laostiaputapoetica.noblogs.org\/index.php?rest_route=\/wp\/v2\/pages"}],"about":[{"href":"https:\/\/laostiaputapoetica.noblogs.org\/index.php?rest_route=\/wp\/v2\/types\/page"}],"author":[{"embeddable":true,"href":"https:\/\/laostiaputapoetica.noblogs.org\/index.php?rest_route=\/wp\/v2\/users\/9590"}],"replies":[{"embeddable":true,"href":"https:\/\/laostiaputapoetica.noblogs.org\/index.php?rest_route=%2Fwp%2Fv2%2Fcomments&post=67"}],"version-history":[{"count":8,"href":"https:\/\/laostiaputapoetica.noblogs.org\/index.php?rest_route=\/wp\/v2\/pages\/67\/revisions"}],"predecessor-version":[{"id":459,"href":"https:\/\/laostiaputapoetica.noblogs.org\/index.php?rest_route=\/wp\/v2\/pages\/67\/revisions\/459"}],"wp:featuredmedia":[{"embeddable":true,"href":"https:\/\/laostiaputapoetica.noblogs.org\/index.php?rest_route=\/wp\/v2\/media\/57"}],"wp:attachment":[{"href":"https:\/\/laostiaputapoetica.noblogs.org\/index.php?rest_route=%2Fwp%2Fv2%2Fmedia&parent=67"}],"curies":[{"name":"wp","href":"https:\/\/api.w.org\/{rel}","templated":true}]}}