{"id":698,"date":"2016-03-02T11:48:41","date_gmt":"2016-03-02T10:48:41","guid":{"rendered":"http:\/\/laostiaputapoetica.noblogs.org\/?page_id=698"},"modified":"2016-03-02T11:50:32","modified_gmt":"2016-03-02T10:50:32","slug":"mirar-al-frente","status":"publish","type":"page","link":"https:\/\/laostiaputapoetica.noblogs.org\/?page_id=698","title":{"rendered":"Mirar al frente"},"content":{"rendered":"<p>Mirar al frente<br \/>\ny ver el amanecer en tus ojos reflejados<br \/>\ny como horizonte tu sonrisa.<br \/>\nLas personas se enamoran<br \/>\npero tu y yo somos algo m\u00e1s.<span class=\"text_exposed_show\"><br \/>\nCuando veo los barcos zarpar<br \/>\nrecuerdo que el tiempo tambi\u00e9n se marcha<br \/>\npara no volver jam\u00e1s.<\/span><\/p>\n<p><a href=\"https:\/\/laostiaputapoetica.noblogs.org\/?attachment_id=699\" rel=\"attachment wp-att-699\"><img loading=\"lazy\" decoding=\"async\" class=\"aligncenter wp-image-699\" src=\"https:\/\/laostiaputapoetica.noblogs.org\/files\/2016\/03\/12694831_10208438784384785_6744044440085530531_o-1-1024x768.jpg\" alt=\"12694831_10208438784384785_6744044440085530531_o (1)\" width=\"600\" height=\"450\" srcset=\"https:\/\/laostiaputapoetica.noblogs.org\/files\/2016\/03\/12694831_10208438784384785_6744044440085530531_o-1-1024x768.jpg 1024w, https:\/\/laostiaputapoetica.noblogs.org\/files\/2016\/03\/12694831_10208438784384785_6744044440085530531_o-1-300x225.jpg 300w, https:\/\/laostiaputapoetica.noblogs.org\/files\/2016\/03\/12694831_10208438784384785_6744044440085530531_o-1-150x113.jpg 150w, https:\/\/laostiaputapoetica.noblogs.org\/files\/2016\/03\/12694831_10208438784384785_6744044440085530531_o-1.jpg 2048w\" sizes=\"auto, (max-width: 600px) 100vw, 600px\" \/><\/a><\/p>\n","protected":false},"excerpt":{"rendered":"<p>Mirar al frente y ver el amanecer en tus ojos reflejados y como horizonte tu sonrisa. Las personas se enamoran pero tu y yo somos algo m\u00e1s. Cuando veo los barcos zarpar recuerdo que el tiempo tambi\u00e9n se marcha para no volver jam\u00e1s.<\/p>\n","protected":false},"author":9590,"featured_media":697,"parent":0,"menu_order":0,"comment_status":"closed","ping_status":"closed","template":"","meta":{"footnotes":""},"class_list":["post-698","page","type-page","status-publish","hentry"],"_links":{"self":[{"href":"https:\/\/laostiaputapoetica.noblogs.org\/index.php?rest_route=\/wp\/v2\/pages\/698","targetHints":{"allow":["GET"]}}],"collection":[{"href":"https:\/\/laostiaputapoetica.noblogs.org\/index.php?rest_route=\/wp\/v2\/pages"}],"about":[{"href":"https:\/\/laostiaputapoetica.noblogs.org\/index.php?rest_route=\/wp\/v2\/types\/page"}],"author":[{"embeddable":true,"href":"https:\/\/laostiaputapoetica.noblogs.org\/index.php?rest_route=\/wp\/v2\/users\/9590"}],"replies":[{"embeddable":true,"href":"https:\/\/laostiaputapoetica.noblogs.org\/index.php?rest_route=%2Fwp%2Fv2%2Fcomments&post=698"}],"version-history":[{"count":2,"href":"https:\/\/laostiaputapoetica.noblogs.org\/index.php?rest_route=\/wp\/v2\/pages\/698\/revisions"}],"predecessor-version":[{"id":701,"href":"https:\/\/laostiaputapoetica.noblogs.org\/index.php?rest_route=\/wp\/v2\/pages\/698\/revisions\/701"}],"wp:featuredmedia":[{"embeddable":true,"href":"https:\/\/laostiaputapoetica.noblogs.org\/index.php?rest_route=\/wp\/v2\/media\/697"}],"wp:attachment":[{"href":"https:\/\/laostiaputapoetica.noblogs.org\/index.php?rest_route=%2Fwp%2Fv2%2Fmedia&parent=698"}],"curies":[{"name":"wp","href":"https:\/\/api.w.org\/{rel}","templated":true}]}}