{"id":703,"date":"2016-03-03T13:22:51","date_gmt":"2016-03-03T12:22:51","guid":{"rendered":"http:\/\/laostiaputapoetica.noblogs.org\/?page_id=703"},"modified":"2016-09-24T09:48:42","modified_gmt":"2016-09-24T07:48:42","slug":"703-2","status":"publish","type":"page","link":"https:\/\/laostiaputapoetica.noblogs.org\/?page_id=703","title":{"rendered":"Laostiaputa Po\u00e9tica"},"content":{"rendered":"<h1 style=\"padding-left: 90px\">\u00a0<span style=\"text-decoration: underline\"><span style=\"color: #800080;text-decoration: underline\"><em>Laostiaputa Po\u00e9tica<\/em><\/span><\/span><\/h1>\n<p><em><span style=\"color: #800080\">No eres poeta si no reconoces que la poes\u00eda es la mentira de la vanidad donde el ego es el impresionismo de nuestros corazones y una l\u00e1grima\u00a0seca tus labios en prosa.<\/span><\/em><\/p>\n<p><span style=\"color: #800080\"><em>Por aqu\u00ed no se deslizan nuestros labios sobre las palabras, s\u00f3lo se escriben bellos poemas que navegan sobre el viento para no volver jam\u00e1s.<\/em><\/span><\/p>\n<h2 style=\"padding-left: 90px\"><span style=\"text-decoration: underline\"><span style=\"color: #800080;text-decoration: underline\"><em>Blog de poes\u00eda<\/em><\/span><\/span><\/h2>\n<blockquote>\n<p style=\"text-align: left\"><strong><em>\u00a0<span style=\"color: #993366\"> A Luc\u00eda,<\/span><\/em><\/strong><\/p>\n<p style=\"text-align: left\"><strong><span style=\"color: #993366\"><em>\u00a0 \u00a0 \u00a0 \u00a0 \u00a0 \u00a0 Tu eres mi centro y mi horizonte<\/em><\/span><\/strong><\/p>\n<p style=\"text-align: left\"><strong><span style=\"color: #993366\"><em>\u00a0 \u00a0 \u00a0 \u00a0 \u00a0 \u00a0 Tu eres mi aliento y mi respiraci\u00f3n<\/em><\/span><\/strong><\/p>\n<p style=\"text-align: left\"><strong><span style=\"color: #993366\">\u00a0 \u00a0 \u00a0 \u00a0 \u00a0 \u00a0\u00a0\u00a0Solo se que tus besos sin carm\u00edn<\/span><\/strong><\/p>\n<p align=\"LEFT\"><strong><span style=\"color: #993366\">\u00a0 \u00a0 \u00a0 \u00a0 \u00a0 \u00a0 \u00a0son bellos versos para mi<\/span><\/strong><\/p>\n<\/blockquote>\n<blockquote>\n<p style=\"text-align: left;padding-left: 60px\"><span style=\"text-decoration: underline\"><strong><span style=\"color: #800080;text-decoration: underline\">Arrebatos<\/span><\/strong><\/span><\/p>\n<\/blockquote>\n<p style=\"text-align: left;padding-left: 90px\"><strong><span style=\"color: #800080\"><em>No encarcelen al camello,\u00a0<\/em><\/span><\/strong><\/p>\n<p style=\"text-align: left;padding-left: 90px\"><strong><span style=\"color: #800080\"><em>trae drogas nuevas.<\/em><\/span><\/strong><\/p>\n<p style=\"text-align: left;padding-left: 90px\"><strong><span style=\"color: #800080\"><em>Tecnolog\u00eda nueva para el cerebro espongiforme.<\/em><\/span><\/strong><\/p>\n<p style=\"text-align: left;padding-left: 90px\">\n<p style=\"text-align: left;padding-left: 90px\"><em><strong><span style=\"color: #800080\">Para escapar de la tristeza\u00a0<\/span><\/strong><\/em><\/p>\n<p style=\"text-align: left;padding-left: 90px\"><em><strong><span style=\"color: #800080\">escribo sobre ella.<\/span><\/strong><\/em><\/p>\n<p style=\"text-align: left;padding-left: 90px\"><em><strong><span style=\"color: #800080\">Pero para mantenerme f\u00e9liz<\/span><\/strong><\/em><\/p>\n<p style=\"text-align: left;padding-left: 90px\"><em><strong><span style=\"color: #800080\">pienso en tu sonrisa ros\u00e1cea<\/span><\/strong><\/em><\/p>\n<p style=\"text-align: left;padding-left: 90px\"><em><strong><span style=\"color: #800080\">en tus peque\u00f1os ojos<\/span><\/strong><\/em><\/p>\n<p style=\"text-align: left;padding-left: 90px\"><em><strong><span style=\"color: #800080\">y en tu diminuta boca.<\/span><\/strong><\/em><\/p>\n<p style=\"text-align: left;padding-left: 90px\">\n<p style=\"text-align: left;padding-left: 90px\"><strong><em><span style=\"color: #800080\">Mi coraz\u00f3n palpita a cada momento<\/span><\/em><\/strong><\/p>\n<p style=\"text-align: left;padding-left: 90px\"><strong><em><span style=\"color: #800080\">cuando paso cada p\u00e1gina<\/span><\/em><\/strong><\/p>\n<p style=\"text-align: left;padding-left: 90px\"><strong><em><span style=\"color: #800080\">de este libro sin letras.<\/span><\/em><\/strong><\/p>\n<p style=\"text-align: left;padding-left: 90px\"><strong><em><span style=\"color: #800080\">Y all\u00ed estabas tu,<\/span><\/em><\/strong><\/p>\n<p style=\"text-align: left;padding-left: 90px\"><strong><em><span style=\"color: #800080\">representada en ese poema.<\/span><\/em><\/strong><\/p>\n<p style=\"text-align: left;padding-left: 90px\"><strong><em><span style=\"color: #800080\">En cada palabra, en cada coma,<\/span><\/em><\/strong><\/p>\n<p style=\"text-align: left;padding-left: 90px\"><strong><em><span style=\"color: #800080\">en su melancol\u00eda.<\/span><\/em><\/strong><\/p>\n<p style=\"text-align: left;padding-left: 90px\"><strong><em><span style=\"color: #800080\">En el acento de mi coraz\u00f3n.<\/span><\/em><\/strong><\/p>\n<h4 style=\"padding-left: 90px\"><span style=\"color: #800080\"><em>Soy la muerte de la poes\u00eda,<\/em><\/span><br \/>\n<span style=\"color: #800080\"><em> la destrucci\u00f3n del arte burgu\u00e9s.<\/em><\/span><br \/>\n<span style=\"color: #800080\"><em> Seremos el despertar creativo,<\/em><\/span><br \/>\n<span style=\"color: #800080\"><em> la ant\u00edtesis de la frialdad.<\/em><\/span><br \/>\n<span style=\"color: #800080\"><em> Revolucionarios de pensamiento cr\u00edtico,<\/em><\/span><br \/>\n<span style=\"color: #800080\"><em> nuestro lema Libertad.<\/em><\/span><br \/>\n<span style=\"color: #800080\"><em> Somos y seremos pensamiento y acci\u00f3n.<\/em><\/span><\/h4>\n<p style=\"text-align: center\"><span style=\"color: #800080\">&#8212;<\/span><\/p>\n<p style=\"padding-left: 90px\"><span style=\"color: #800080\"><strong><em>Que injusto es el tiempo<\/em><\/strong><\/span><br \/>\n<span style=\"color: #800080\"> <strong><em>cuando hace mella en mi.<\/em><\/strong><\/span><br \/>\n<span style=\"color: #800080\"> <strong><em>cambia el gesto de mi cara<\/em><\/strong><\/span><br \/>\n<span style=\"color: #800080\"> <strong><em>pero no me quita las ganas por vivir.<\/em><\/strong><\/span><br \/>\n<span style=\"color: #800080\"> <strong><em>A.S.L. 2013<\/em><\/strong><\/span><\/p>\n<h4 style=\"padding-left: 90px;text-align: right\"><span style=\"color: #800080\"><strong><em>21 de Febrero de 2013<\/em><\/strong><\/span><\/h4>\n<p style=\"text-align: center\">&#8212;<\/p>\n<h4 style=\"padding-left: 90px\"><span style=\"color: #800080\"><strong><em>En tu mirada indiscreta vi una luz de esperanza, ese d\u00eda quise morir.<\/em><\/strong><\/span><\/h4>\n<p style=\"text-align: center\">&#8212;<\/p>\n<h4 style=\"padding-left: 90px\"><span style=\"color: #800080\"><strong><em>So\u00f1\u00e9 que dorm\u00eda a tu lado y me despert\u00e9 violentamente. No lo quer\u00eda so\u00f1ar, lo quer\u00eda vivir.<\/em><\/strong><\/span><\/h4>\n<p style=\"text-align: center\">&#8212;<\/p>\n<h4 style=\"padding-left: 90px\"><span style=\"color: #800080\"><strong><em>Quise recordarte por siempre. Fui te mir\u00e9, medit\u00e9 y me arranque los ojos. \u00a1Ser\u00e1s mi \u00faltimo recuerdo!<\/em><\/strong><\/span><\/h4>\n<p style=\"text-align: center\">&#8212;<\/p>\n<p style=\"padding-left: 90px\"><em><strong><span style=\"color: #800080\">Aunque tu no lo sepas, en la radio de mi coraz\u00f3n<\/span><\/strong><\/em><\/p>\n<p style=\"padding-left: 90px\"><em><strong><span style=\"color: #800080\"> siempre suena esa hermosa canci\u00f3n de cuna<\/span><\/strong><\/em><\/p>\n<p style=\"padding-left: 90px\"><em><strong><span style=\"color: #800080\">\u00a0que suena y deja que mis flores luzcan bellas y hermosas<\/span><\/strong><\/em><\/p>\n<p style=\"padding-left: 90px\"><em><strong><span style=\"color: #800080\">Aunque tu no lo sepas, esa es mi canci\u00f3n<\/span><\/strong><\/em><\/p>\n<p style=\"padding-left: 90px\"><em><strong><span style=\"color: #800080\">Espero que sepas cual es<\/span><\/strong><\/em><\/p>\n<p style=\"padding-left: 90px\"><em><strong><span style=\"color: #800080\">demasiadas pistas te he dado.<\/span><\/strong><\/em><\/p>\n<p style=\"padding-left: 90px;text-align: right\"><em><strong><span style=\"color: #800080\">01 de Junio de 2016<\/span><\/strong><\/em><\/p>\n<blockquote>\n<h4 style=\"padding-left: 90px\"><strong><span style=\"text-decoration: underline\"><span style=\"color: #800080;text-decoration: underline\">En este blog puedes encontrar :<\/span><\/span><\/strong><\/h4>\n<\/blockquote>\n<p style=\"padding-left: 90px\"><span style=\"color: #800080\"><em><strong>1 &#8211; La Batalla por el control de los cuerpos ( Obra libertaria)<span style=\"color: #800080\"> (<span style=\"color: #3366ff\"><a style=\"color: #3366ff\" href=\"https:\/\/laostiaputapoetica.noblogs.org\/?p=179\">aqu\u00ed<\/a><\/span>)<\/span><\/strong><\/em><\/span><\/p>\n<p style=\"padding-left: 90px\"><span style=\"color: #ff0000\"><strong><em><span style=\"color: #800080\">2 &#8211; De amor y muerte<\/span><\/em> <span style=\"color: #800080\"><a style=\"color: #800080\" href=\"https:\/\/laostiaputapoetica.noblogs.org\/?tag=poema-de-amor-y-muerte\">(<em><span style=\"color: #3366ff\">aqu\u00ed<\/span><\/em>)<\/a><\/span><\/strong><\/span><\/p>\n<p style=\"padding-left: 90px\"><span style=\"color: #800080\"><strong><em>3 &#8211; Poemas, solo poemas <a href=\"https:\/\/laostiaputapoetica.noblogs.org\/?tag=poema\">(<span style=\"color: #3366ff\">aqu\u00ed<\/span>)<\/a><\/em><\/strong><\/span><\/p>\n<p style=\"padding-left: 90px\"><em><span style=\"color: #800080\"><strong>4 &#8211; Peque\u00f1os arrebatos\u00a0<a href=\"https:\/\/laostiaputapoetica.noblogs.org\/?tag=poema-corto\">(<span style=\"color: #3366ff\">aqu\u00ed<\/span>)<\/a><\/strong><\/span><\/em><\/p>\n<p style=\"padding-left: 90px\"><span style=\"text-decoration: underline\"><em><strong><span style=\"color: #800080;text-decoration: underline\">Cuentos y relatos:<\/span><\/strong><\/em><\/span><\/p>\n<p style=\"padding-left: 90px\"><span style=\"color: #800080\"><strong><em>1 &#8211; Un viejo cuento de Navidad, descanso <a href=\"https:\/\/laostiaputapoetica.noblogs.org\/?page_id=209\">(<span style=\"color: #3366ff\">aqu\u00ed<\/span>)<\/a><\/em><\/strong><\/span><\/p>\n<p style=\"padding-left: 90px\"><span style=\"color: #800080\"><strong><em>2 &#8211; El rat\u00f3n Perico <a href=\"https:\/\/laostiaputapoetica.noblogs.org\/?p=886\">(<span style=\"color: #3366ff\">aqu\u00ed<\/span>)<\/a><\/em><\/strong><\/span><\/p>\n<h5 class=\"page-title\" style=\"padding-left: 90px\"><span style=\"color: #800080\"><strong><em>\u00a0<\/em><\/strong><\/span><\/h5>\n<h5 class=\"page-title\" style=\"padding-left: 90px\"><span style=\"color: #800080\">\u00a0<\/span><\/h5>\n<p>&nbsp;<\/p>\n<p><a href=\"https:\/\/laostiaputapoetica.noblogs.org\/?attachment_id=438\" rel=\"attachment wp-att-438\"><img loading=\"lazy\" decoding=\"async\" class=\" wp-image-438 aligncenter\" src=\"https:\/\/laostiaputapoetica.noblogs.org\/files\/2015\/10\/Laostiaputa-bones-176x144.gif\" alt=\"Laostiaputa bones [176x144]\" width=\"347\" height=\"284\" srcset=\"https:\/\/laostiaputapoetica.noblogs.org\/files\/2015\/10\/Laostiaputa-bones-176x144.gif 176w, https:\/\/laostiaputapoetica.noblogs.org\/files\/2015\/10\/Laostiaputa-bones-176x144-150x123.gif 150w\" sizes=\"auto, (max-width: 347px) 100vw, 347px\" \/><\/a><\/p>\n<p>&nbsp;<\/p>\n<p><a href=\"https:\/\/laostiaputapoetica.noblogs.org\/?attachment_id=695\" rel=\"attachment wp-att-695\"><img loading=\"lazy\" decoding=\"async\" class=\"aligncenter size-thumbnail wp-image-695\" src=\"https:\/\/laostiaputapoetica.noblogs.org\/files\/2016\/03\/12688145_10208487400960169_628871792654803987_n-300x300.jpg\" alt=\"12688145_10208487400960169_628871792654803987_n\" width=\"300\" height=\"300\" srcset=\"https:\/\/laostiaputapoetica.noblogs.org\/files\/2016\/03\/12688145_10208487400960169_628871792654803987_n-300x300.jpg 300w, https:\/\/laostiaputapoetica.noblogs.org\/files\/2016\/03\/12688145_10208487400960169_628871792654803987_n-150x150.jpg 150w, https:\/\/laostiaputapoetica.noblogs.org\/files\/2016\/03\/12688145_10208487400960169_628871792654803987_n.jpg 768w\" sizes=\"auto, (max-width: 300px) 100vw, 300px\" \/><\/a><\/p>\n<p>&nbsp;<\/p>\n","protected":false},"excerpt":{"rendered":"<p>\u00a0Laostiaputa Po\u00e9tica No eres poeta si no reconoces que la poes\u00eda es la mentira de la vanidad donde el ego es el impresionismo de nuestros corazones y una l\u00e1grima\u00a0seca tus labios en prosa. Por aqu\u00ed no se deslizan nuestros labios sobre las palabras, s\u00f3lo se escriben bellos poemas que navegan sobre el viento para no [&hellip;]<\/p>\n","protected":false},"author":9590,"featured_media":696,"parent":0,"menu_order":0,"comment_status":"closed","ping_status":"closed","template":"","meta":{"footnotes":""},"class_list":["post-703","page","type-page","status-publish","hentry"],"_links":{"self":[{"href":"https:\/\/laostiaputapoetica.noblogs.org\/index.php?rest_route=\/wp\/v2\/pages\/703","targetHints":{"allow":["GET"]}}],"collection":[{"href":"https:\/\/laostiaputapoetica.noblogs.org\/index.php?rest_route=\/wp\/v2\/pages"}],"about":[{"href":"https:\/\/laostiaputapoetica.noblogs.org\/index.php?rest_route=\/wp\/v2\/types\/page"}],"author":[{"embeddable":true,"href":"https:\/\/laostiaputapoetica.noblogs.org\/index.php?rest_route=\/wp\/v2\/users\/9590"}],"replies":[{"embeddable":true,"href":"https:\/\/laostiaputapoetica.noblogs.org\/index.php?rest_route=%2Fwp%2Fv2%2Fcomments&post=703"}],"version-history":[{"count":29,"href":"https:\/\/laostiaputapoetica.noblogs.org\/index.php?rest_route=\/wp\/v2\/pages\/703\/revisions"}],"predecessor-version":[{"id":1173,"href":"https:\/\/laostiaputapoetica.noblogs.org\/index.php?rest_route=\/wp\/v2\/pages\/703\/revisions\/1173"}],"wp:featuredmedia":[{"embeddable":true,"href":"https:\/\/laostiaputapoetica.noblogs.org\/index.php?rest_route=\/wp\/v2\/media\/696"}],"wp:attachment":[{"href":"https:\/\/laostiaputapoetica.noblogs.org\/index.php?rest_route=%2Fwp%2Fv2%2Fmedia&parent=703"}],"curies":[{"name":"wp","href":"https:\/\/api.w.org\/{rel}","templated":true}]}}